{"id":4,"date":"2020-10-22T13:49:46","date_gmt":"2020-10-22T11:49:46","guid":{"rendered":"https:\/\/ps7kcn.podcaster.de\/podcasts\/landjugend\/"},"modified":"2021-03-30T14:03:11","modified_gmt":"2021-03-30T12:03:11","slug":"landjugend","status":"publish","type":"page","link":"https:\/\/landjugend.podcaster.de\/","title":{"rendered":"Landjugend mit U E"},"content":{"rendered":"<p>Landjugend mit U E besch\u00e4ftigt sich mit allgemeinen Fragestellungen bez\u00fcglich Gesellschaft, Kultur und Humor im pastoralen \u00d6kosystem. Der Podcast illustriert seelsorgerisch faszinierende Lebensgeschichten.<\/p>\n\n\n<div class=\"wp-block-group\"><div class=\"wp-block-group__inner-container is-layout-flow wp-block-group-is-layout-flow\">\n<a class=\"wp-block-jetpack-podcast-player jetpack-podcast-player__direct-link\" href=\"https:\/\/landjugend.podcaster.de\/landjugend.rss\">https:\/\/landjugend.podcaster.de\/landjugend.rss<\/a>\n<\/div><\/div>\n","protected":false},"excerpt":{"rendered":"<p>Landjugend mit U E besch\u00e4ftigt sich mit allgemeinen Fragestellungen bez\u00fcglich Gesellschaft, Kultur und Humor im pastoralen \u00d6kosystem. Der Podcast illustriert seelsorgerisch faszinierende Lebensgeschichten.<\/p>\n","protected":false},"author":9557,"featured_media":0,"parent":73,"menu_order":0,"comment_status":"closed","ping_status":"closed","template":"podcast.php","meta":{"footnotes":""},"class_list":["post-4","page","type-page","status-publish","hentry"],"jetpack_sharing_enabled":true,"_links":{"self":[{"href":"https:\/\/landjugend.podcaster.de\/index.php\/wp-json\/wp\/v2\/pages\/4","targetHints":{"allow":["GET"]}}],"collection":[{"href":"https:\/\/landjugend.podcaster.de\/index.php\/wp-json\/wp\/v2\/pages"}],"about":[{"href":"https:\/\/landjugend.podcaster.de\/index.php\/wp-json\/wp\/v2\/types\/page"}],"author":[{"embeddable":true,"href":"https:\/\/landjugend.podcaster.de\/index.php\/wp-json\/wp\/v2\/users\/9557"}],"replies":[{"embeddable":true,"href":"https:\/\/landjugend.podcaster.de\/index.php\/wp-json\/wp\/v2\/comments?post=4"}],"version-history":[{"count":9,"href":"https:\/\/landjugend.podcaster.de\/index.php\/wp-json\/wp\/v2\/pages\/4\/revisions"}],"predecessor-version":[{"id":117,"href":"https:\/\/landjugend.podcaster.de\/index.php\/wp-json\/wp\/v2\/pages\/4\/revisions\/117"}],"up":[{"embeddable":true,"href":"https:\/\/landjugend.podcaster.de\/index.php\/wp-json\/wp\/v2\/pages\/73"}],"wp:attachment":[{"href":"https:\/\/landjugend.podcaster.de\/index.php\/wp-json\/wp\/v2\/media?parent=4"}],"curies":[{"name":"wp","href":"https:\/\/api.w.org\/{rel}","templated":true}]}}